{"id":8302,"date":"2021-05-18T18:07:45","date_gmt":"2021-05-18T18:07:45","guid":{"rendered":"https:\/\/www.froginawell.net\/frog\/?page_id=8302"},"modified":"2022-10-21T09:54:59","modified_gmt":"2022-10-21T09:54:59","slug":"open-access-journals-related-to-east-and-southeast-asia","status":"publish","type":"page","link":"https:\/\/froginawell.net\/frog\/sources\/open-access-journals-related-to-east-and-southeast-asia\/","title":{"rendered":"Open Access Journals Related to East and Southeast Asia"},"content":{"rendered":"<p>Below is a list of English language open access journals that publish scholarship related to East and Southeast Asia. The peer-reviewed journals listed here make their articles available at no cost at the point of access (<em>free to readers<\/em>) and do not charge article processing charges for works that are submitted to the journal (<em>free to authors<\/em>). When a <a href=\"https:\/\/creativecommons.org\/\">Creative Commons<\/a> licence for the publication is listed, the specific license is indicated after the link.<\/p>\n<p><strong>Korea<\/strong><\/p>\n<p><a href=\"http:\/\/www.actakoreana.org\/\">Acta Koreana<\/a><\/p>\n<p><a href=\"https:\/\/www.aks.ac.kr\/com\/cmm\/EgovContentView.do?menuNo=2010124200#tab2\">Korea Journal<\/a> CC-BY-NC-ND<\/p>\n<p><a href=\"http:\/\/www.kanthroreview.com\/index.asp\">Korean Anthropology Review<\/a><\/p>\n<p><a href=\"https:\/\/www.aks.ac.kr\/com\/cmm\/EgovContentView.do?menuNo=2010123200#tab2\">The Review of Korean Studies<\/a> CC-BY-NC-ND<\/p>\n<p><a href=\"https:\/\/ijkh.khistory.org\/about\/index.php\">International Journal of Korean History<\/a>\u00a0CC-BY-NC<\/p>\n<p><a href=\"https:\/\/sjeas.skku.edu\/\">Sungkyun Journal of East Asian Studies<\/a><br \/>\nJournal offers subscription option for print version and has no mention of open access on the journal home page (May, 2021), but offers full open access to content.<\/p>\n<p><strong>China<\/strong><\/p>\n<p><a href=\"https:\/\/bjocs.site\/index.php\/bjocs\">British Journal of Chinese Studies<\/a> CC-BY<\/p>\n<p><a href=\"http:\/\/chinaheritage.net\/journal\/about-china-heritage-net\/\">China Heritage<\/a><\/p>\n<p><a href=\"https:\/\/www.cefc.com.hk\/china-perspectives\/about\/\">China Perspectives<\/a><\/p>\n<p><a href=\"https:\/\/journalofchinesesociology.springeropen.com\/\">Journal of Chinese Sociology<\/a><br \/>\nAvailable at Springer but open access and no article-processing charges (May, 2021).<\/p>\n<p><a href=\"https:\/\/journals.sagepub.com\/home\/cca\">Journal of Current Chinese Affairs<\/a><br \/>\nAvailable at Sage Journals but open access and no article-processing charges (May, 2021).<\/p>\n<p><a href=\"https:\/\/journals.univie.ac.at\/index.php\/jeacs\/about\">The Journal of the European Association for Chinese Studies<\/a>\u00a0CC-BY-NC<\/p>\n<p><strong>Japan<\/strong><\/p>\n<p><a href=\"https:\/\/journals.openedition.org\/cjs\/\">Cipango: French Journal of Japanese Studies. English Selection<\/a><br \/>\nTranslated and adapted articles from French language counterpart <a href=\"https:\/\/www.openedition.org\/8192\">journal<\/a>.<\/p>\n<p><a href=\"http:\/\/www.japanesestudies.org.uk\/ejcjs\/about\/index.html\">electronic journal of contemporary japanese studies<\/a><\/p>\n<p><a href=\"https:\/\/nirc.nanzan-u.ac.jp\/en\/publications\/jjrs\/\">Japanese Journal of Religious Studies<\/a> CC-BY-NC<\/p>\n<p><a href=\"https:\/\/nichibun.repo.nii.ac.jp\/index.php?action=pages_view_main&amp;active_action=repository_view_main_item_snippet&amp;index_id=165&amp;pn=1&amp;count=20&amp;order=17&amp;lang=japanese&amp;page_id=41&amp;block_id=63\">Japan Review : Journal of the International Research Center for Japanese Studies<\/a><\/p>\n<p><a href=\"https:\/\/journals.univie.ac.at\/index.php\/aaj\/about\">MINIKOMI: Austrian Journal of Japanese Studies<\/a><br \/>\nSubmissions are accepted in English, German, and Japanese.<\/p>\n<p><a href=\"https:\/\/newvoices.org.au\/\">New Voices in Japanese Studies<\/a><br \/>\nGuest editors of each volume must be affiliated with a university in Australia or New Zealand.<\/p>\n<p><a href=\"https:\/\/www.aatj.org\/journal\">AATJ Journal: Japanese Language and Literature <\/a><\/p>\n<p><strong>East and Southeast Asia<\/strong><\/p>\n<p><a href=\"https:\/\/journals.openedition.org\/archipel\/\">Archipel: \u00c9tudes interdisciplinaires sur le monde insulindien<\/a><br \/>\nIncludes articles in French and English.<\/p>\n<p><a href=\"https:\/\/asianethnology.org\/\">Asian Ethnology<\/a><\/p>\n<p><a href=\"https:\/\/www.asianetworkexchange.org\/about\/\">ASIANetwork Exchange<\/a><\/p>\n<p><a href=\"https:\/\/apjjf.org\/\">Asia-Pacific Journal<\/a><\/p>\n<p><a href=\"https:\/\/www.asj.upd.edu.ph\/index.php\/about-the-journal\">Asian Studies: Journal of Critical Perspectives on Asia<\/a><\/p>\n<p><a href=\"https:\/\/aseas.univie.ac.at\/index.php\/aseas\/about\">Austrian Journal of South East Asian Studies<\/a> CC-BY-NC-ND<\/p>\n<p><a href=\"https:\/\/rauli.cbs.dk\/index.php\/cjas\/about\">The Copenhagen Journal of Asian Studies<\/a><\/p>\n<p><a href=\"https:\/\/www.eastasiaforum.org\/\">East Asia Forum<\/a><br \/>\nShorter analysis and overview articles peer reviewed and published daily.<\/p>\n<p><a href=\"http:\/\/eastasianhistory.org\/\">East Asian History<\/a><\/p>\n<p><a href=\"https:\/\/www.asianstudies.org\/publications\/eaa\/archives\/\">Education About Asia<\/a><br \/>\nHas a paid print subscription but archives are open and online.<\/p>\n<p><a href=\"https:\/\/journals.openedition.org\/emscat\/\">\u00c9tudes mongoles et sib\u00e9riennes, centrasiatiques et tib\u00e9taines<\/a><br \/>\nIncludes articles in French and English.<\/p>\n<p><a href=\"https:\/\/journals.openedition.org\/extremeorient\/\">Extr\u00eame-Orient, Extr\u00eame-Occident <\/a><br \/>\nIncludes articles in French and English.<\/p>\n<p><a href=\"https:\/\/www.hmongstudiesjournal.org\/\">Hmong Studies Journal<\/a><\/p>\n<p><a href=\"https:\/\/journals.upd.edu.ph\/index.php\/humanitiesdiliman\/index\">Humanities Diliman: A Philippine Journal of Humanities<\/a><\/p>\n<p><a href=\"https:\/\/jurnal.ugm.ac.id\/ikat\">IKAT: The Indonesian Journal of Southeast Asian Studies<\/a> CC-BY-SA<\/p>\n<p><a href=\"http:\/\/ijbtc.dongguk.edu\/\">International Journal of Buddhist Thought &amp; Culture<\/a><br \/>\nNo mention of open access on the journal home page (May, 2021), but full archive appears to be downloadable and no subscription information.<\/p>\n<p><a href=\"https:\/\/www.monash.edu\/arts\/languages-literatures-cultures-linguistics\/indonesian-studies-journal\">International Journal of Indonesian Studies<\/a><\/p>\n<p><a href=\"https:\/\/ijaps.usm.my\/\">International Journal of Asia Pacific Studies<\/a> CC-BY<\/p>\n<p><a href=\"https:\/\/jice.um.edu.my\/index.php\/jati\/about\">JATI &#8211; Journal of Southeast Asian Studies<\/a><\/p>\n<p><a href=\"https:\/\/irishjournalofasianstudies.org\/\">The Irish Journal of Asian Studies<\/a><\/p>\n<p><a href=\"https:\/\/journal.binus.ac.id\/index.php\/jas\/about\">Journal of ASEAN Studies<\/a> CC-BY-NC<\/p>\n<p><a href=\"https:\/\/www.lib.kyushu-u.ac.jp\/publications_kyushu\/jahq\">Journal of Asian Humanities at Kyushu University<\/a><\/p>\n<p><a href=\"http:\/\/jcpc.skku.edu\/html\/sub02.asp\">Journal of Confucian Philosophy and Culture<\/a> CC-BY-NC<\/p>\n<p><a href=\"https:\/\/jceasia.org\/about-journal\">Journal of Contemporary Eastern Asia<\/a> CC-BY-ND<\/p>\n<p><a href=\"https:\/\/journals.sagepub.com\/home\/saa\">Journal of Current Southeast Asian Affairs<\/a><br \/>\nAvailable at Sage Journals but open access and no article-processing charges (May, 2021).<\/p>\n<p><a href=\"https:\/\/www.cpp.edu\/~jet\/index.shtml\">Journal of East-West Thought<\/a><\/p>\n<p><a href=\"https:\/\/evols.library.manoa.hawaii.edu\/handle\/10524\/52368\">Journal of the Southeast Asian Linguistics Society<\/a><\/p>\n<p><a href=\"https:\/\/www.ojs.unito.it\/index.php\/kervan\/about\">Kervan. International Journal of Afro-Asiatic Studies<\/a> CC-BY<\/p>\n<p><a href=\"https:\/\/www.airitilibrary.com\/Publication\/alPublicationJournal?PublicationID=P20201113001\">Malaysian Journal of Chinese Studies<\/a> CC BY-ND 4.0<\/p>\n<p><a href=\"https:\/\/journals.openedition.org\/moussons\/\">Moussons: Recherche en sciences humaines sur l&#8217;Asie du Sud-Est<\/a><br \/>\nPublishes articles in French and English.<\/p>\n<p><a href=\"https:\/\/www.saksaha.org\/\">Saksaha: A Journal of Manchu Studies<\/a> CC-BY<\/p>\n<p><a href=\"http:\/\/chinajapan.org\/\">Sino-Japanese Studies<\/a><\/p>\n<p><a href=\"https:\/\/journal.fi\/store\/about\">Studia Orientalia Electronica<\/a> CC-BY<\/p>\n<p><a href=\"https:\/\/fphil.uniba.sk\/en\/departments-and-research-centres\/department-of-east-asian-studies\/studia-orientalia-slovaca\/\">Studia Orientalia Slovaca<\/a><br \/>\nArticles primarily in English, with some in Slovak or Czech.<\/p>\n<p><a href=\"https:\/\/www.ioe.sinica.edu.tw\/Content\/Periodicals\/Periodicals_List.aspx?SiteID=530164240637641451&amp;MenuID=530167100636226027&amp;Fid=530404301341606011\">Taiwan Journal of Anthropology<\/a><br \/>\nArticles primarily in Chinese, but some in English.<\/p>\n<p><a href=\"https:\/\/sciendo.com\/journal\/vjeas\">Vienna Journal of East Asian Studies<\/a> CC-BY<\/p>\n<p><strong>Full Access but Policy Unclear<br \/>\n<\/strong><\/p>\n<p><a href=\"https:\/\/www1.ihp.sinica.edu.tw\/en\/Publications\/AsiaMajor4\">Asia Major<\/a><br \/>\nJournal has some information on subscription and has no mention of open access on the journal home page (May, 2021) but full archive appears to be downloadable.<\/p>\n<p><a href=\"http:\/\/www.e-asianwomen.org\/\">Asian Women<\/a><br \/>\nJournal has information on subscription and has no mention of open access on the journal home page (May, 2021) but full archive appears to be downloadable.<\/p>\n<p><a href=\"https:\/\/www1.ihp.sinica.edu.tw\/en\/Publications\/Bulletins\">Bulletin of the IHP<\/a><br \/>\nJournal has some information on subscription and has no mention of open access on the journal home page (May, 2021) but full archive appears to be downloadable.<\/p>\n<p><a href=\"https:\/\/www1.ihp.sinica.edu.tw\/en\/Publications\/LegalHistoryStudy1\">Journal for Legal History Studies<\/a><br \/>\nJournal has some information on subscription and has no mention of open access on the journal home page (May, 2021) but full archive appears to be downloadable.<\/p>\n<p><a href=\"https:\/\/so06.tci-thaijo.org\/index.php\/pub_jss\/about\">Journal of the Siam Society<\/a><br \/>\nJournal has some information on subscription and has no mention of open access on the journal home page (May, 2021) but full archive appears to be downloadable.<\/p>\n<p><a href=\"https:\/\/www1.ihp.sinica.edu.tw\/en\/Publications\/Disquisitions\">Disquisitions on the Past &amp; Present<\/a><br \/>\nJournal has some information on subscription and has no mention of open access on the journal home page (May, 2021) but full archive appears to be downloadable.<\/p>\n<p><a href=\"https:\/\/www.airitilibrary.com\/Publication\/alPublicationJournal?PublicationID=P20220406001\">Southeast Asian Social Science Review<\/a><br \/>\nAll articles appear to be downloadable via this link. Manuscript submission PDF doesn&#8217;t mention open access (Oct, 2022). Through another website it offers digital issues for purchase.<\/p>\n<p><strong>Embargoed Journals<\/strong><\/p>\n<p>Some journals have an embargo policy under which recent articles are closed, while older articles become automatically open access at the point of access, without the payment of article processing charges.<\/p>\n<p><a href=\"https:\/\/brill.com\/view\/journals\/asme\/asme-overview.xml?contents=editorialContent-41675\">Asian Medicine<\/a>\u00a05 year embargo<\/p>\n<p><a href=\"https:\/\/www.nzasia.org.nz\/journal.html\">New Zealand Journal of Asian Studies<\/a>\u00a0 2 year embargo<\/p>\n<p><strong>Not Currently Active and Other<br \/>\n<\/strong><\/p>\n<p><a href=\"https:\/\/web.archive.org\/web\/20100510171943\/http:\/\/criticalasianstudies.org\/bcas\/back-issues.html?page=1\">Critical Asian Studies<\/a> (1968-2000)<br \/>\nThis journal is still active but no longer open access. The archived version of its older issues are still accessible both at the archive.org link above and <a href=\"https:\/\/www.tandfonline.com\/loi\/rcra20\">via the current publisher<\/a>.<\/p>\n<p><a href=\"https:\/\/escholarship.org\/uc\/crosscurrents\">Cross Currents: East Asian History and Culture Review<\/a> (2011-2020)<\/p>\n<p><a href=\"https:\/\/kb.osu.edu\/handle\/1811\/583\">Early Modern Japan<\/a> (1991-2014)<\/p>\n<p><a href=\"https:\/\/www.persee.fr\/collection\/etchi\">\u00c9tudes chinoises<\/a> (1983-2011)<br \/>\nIncludes articles in French and English.<\/p>\n<p><a href=\"https:\/\/koreanhistorieswebsite.wordpress.com\/\">Korean Histories<\/a> (2009-2013)<\/p>\n<p><strong>Finding Other Journals<\/strong><\/p>\n<p>Many of these journals are listed in the <a href=\"https:\/\/www.doaj.org\/\">Directory of Open Access Journals<\/a>, which also offers a search engine for articles published open access in its indexed journals by title, author keyword, and abstract. In addition to the journals listed above, there are many other &#8216;green&#8217; open access journals that do not offer free access to scholarship themselves, but permit authors to submit a copy of some version of the submitted article to a repository. Not all authors archive their work in repositories and the version they are permitted to save may not show the correct page numbers or reflect the final edits of an article. There are also many journals that allow authors to pay for the privilege of making an article &#8216;gold&#8217; open access, either as a model for the entire journal, or on an article or special issue basis. The <a href=\"https:\/\/v2.sherpa.ac.uk\/romeo\/\">Sherpa Romeo<\/a> database is a good place to explore these options for specific journals.<\/p>\n<p><strong>Contact<\/strong><\/p>\n<p>If you find broken links or errors in the information provided here, or want to suggest other journals related to East and Southeast Asia to have added here, please get in touch with Konrad M. Lawson (kmlawson@froginawell.net or on twitter @kmlawson).<\/p>\n","protected":false},"excerpt":{"rendered":"<p>Below is a list of English language open access journals that publish scholarship related to East and Southeast Asia. The peer-reviewed journals listed here make their articles available at no cost at the point of access (free to readers) and do not charge article processing charges for works that are submitted to the journal (free&#8230;<\/p>\n","protected":false},"author":1,"featured_media":0,"parent":7770,"menu_order":0,"comment_status":"closed","ping_status":"closed","template":"","meta":{"jetpack_post_was_ever_published":false,"footnotes":""},"class_list":["post-8302","page","type-page","status-publish","hentry"],"jetpack_sharing_enabled":false,"jetpack_shortlink":"https:\/\/wp.me\/P9yoH3-29U","_links":{"self":[{"href":"https:\/\/froginawell.net\/frog\/wp-json\/wp\/v2\/pages\/8302","targetHints":{"allow":["GET"]}}],"collection":[{"href":"https:\/\/froginawell.net\/frog\/wp-json\/wp\/v2\/pages"}],"about":[{"href":"https:\/\/froginawell.net\/frog\/wp-json\/wp\/v2\/types\/page"}],"author":[{"embeddable":true,"href":"https:\/\/froginawell.net\/frog\/wp-json\/wp\/v2\/users\/1"}],"replies":[{"embeddable":true,"href":"https:\/\/froginawell.net\/frog\/wp-json\/wp\/v2\/comments?post=8302"}],"version-history":[{"count":9,"href":"https:\/\/froginawell.net\/frog\/wp-json\/wp\/v2\/pages\/8302\/revisions"}],"predecessor-version":[{"id":9049,"href":"https:\/\/froginawell.net\/frog\/wp-json\/wp\/v2\/pages\/8302\/revisions\/9049"}],"up":[{"embeddable":true,"href":"https:\/\/froginawell.net\/frog\/wp-json\/wp\/v2\/pages\/7770"}],"wp:attachment":[{"href":"https:\/\/froginawell.net\/frog\/wp-json\/wp\/v2\/media?parent=8302"}],"curies":[{"name":"wp","href":"https:\/\/api.w.org\/{rel}","templated":true}]}}